{"id":349108,"date":"2020-01-02T18:04:46","date_gmt":"2020-01-02T18:04:46","guid":{"rendered":"https:\/\/www.campolinacantoverde.com.br\/home\/?page_id=349108"},"modified":"2021-05-18T23:52:57","modified_gmt":"2021-05-18T23:52:57","slug":"historia-da-raca","status":"publish","type":"page","link":"https:\/\/www.campolinacantoverde.com.br\/home\/historia-da-raca\/","title":{"rendered":"Hist\u00f3ria da Ra\u00e7a"},"content":{"rendered":"<section class=\"wpb-content-wrapper\"><p>[vc_row row_type=&#8221;full&#8221; css=&#8221;.vc_custom_1577989263204{background-color: #f5f5f5 !important;}&#8221;][vc_column][vc_empty_space height=&#8221;50px&#8221;][\/vc_column][\/vc_row][vc_row css=&#8221;.vc_custom_1584664858229{background-color: #f5f5f5 !important;}&#8221;][vc_column][vc_custom_heading text=&#8221;CAVALO CAMPOLINA&#8221; font_container=&#8221;tag:h2|text_align:center&#8221; use_theme_fonts=&#8221;yes&#8221;][vc_column_text css=&#8221;.vc_custom_1584666104200{margin-top: 20px !important;margin-bottom: 20px !important;}&#8221;]<\/p>\n<p class=\"p1\" style=\"text-align: justify;\"><span class=\"s1\" style=\"font-size: 14pt;\">Em 1870, Cassiano Campolina, nascido em 10 de julho de 1836, ganhou a \u00e9gua Medeia, j\u00e1 prenha de um Andaluz de D. Pedro II. Deste cruzamento nasceu o potro batizado Monarca. Esse \u00e9 o in\u00edcio de uma hist\u00f3ria de sucesso e conquista: a forma\u00e7\u00e3o da ra\u00e7a Campolina.<\/span><\/p>\n<p style=\"text-align: justify;\"><span style=\"font-size: 14pt;\">Cassiano tinha como principal objetivo formar cavalos de grande porte, \u00e1geis, resistentes e de boa apar\u00eancia. Para isso, selecionou e cruzou ra\u00e7as de cavalos como PSI, Anglo-Normando e Marchador conforme sua intui\u00e7\u00e3o e experi\u00eancia.<\/span><\/p>\n<p><span style=\"font-size: 14pt;\">Em 1904, ap\u00f3s mais de 30 anos trabalhando firme em seu prop\u00f3sito, faleceu Cassiano Campolina. Mas, gra\u00e7as \u00e0 dedica\u00e7\u00e3o e o empenho de seus amigos, a ra\u00e7a continuou a ser criada e aperfei\u00e7oada. As fam\u00edlias de Joaquim Pacheco de Resende e do Cel. Gabriel Andrade foram fundamentais nessa miss\u00e3o.<\/span>[\/vc_column_text][vc_single_image image=&#8221;349466&#8243; img_size=&#8221;full&#8221; alignment=&#8221;center&#8221; css_animation=&#8221;fadeInDown&#8221;][vc_column_text css=&#8221;.vc_custom_1584666167790{margin-top: 20px !important;margin-bottom: 20px !important;}&#8221;]<\/p>\n<p style=\"text-align: justify;\"><span style=\"font-size: 14pt;\">Ap\u00f3s aproximadamente 70 anos desenvolvendo a ra\u00e7a conforme as refer\u00eancias de cada criador, tornou-se necess\u00e1rio definir um padr\u00e3o racial para que todos pudessem unir esfor\u00e7os e aperfei\u00e7oar a ra\u00e7a conforme suas caracter\u00edsticas oficiais. A Associa\u00e7\u00e3o Brasileira dos Criadores do Cavalo Campolina foi fundada em 1951, com sede em Belo Horizonte. Hoje, todos os criadores da ra\u00e7a s\u00e3o respons\u00e1veis pela continuidade dessa hist\u00f3ria que ganha mais admiradores e se consolida a cada ano.<\/span><\/p>\n<p class=\"p1\" style=\"text-align: justify;\"><span class=\"s1\" style=\"font-size: 14pt;\">O cavalo Campolina \u00e9 d\u00f3cil, tem uma beleza caracter\u00edstica incontest\u00e1vel e seus movimentos harmoniosos tornam sua montaria nobre e confort\u00e1vel. O tamanho ideal do cavalo Campolina \u00e9 de 1,58m para os machos, enquanto para as f\u00eameas a altura m\u00e9dia fica em 1,52m, com peso m\u00e9dio de 500 kg, com andamento do tipo Marcha Picada e Batida, deixando para o gosto do usu\u00e1rio e do criador a melhor sele\u00e7\u00e3o.<b><br \/>\n<\/b><\/span>[\/vc_column_text][vc_empty_space][\/vc_column][\/vc_row][vc_row][vc_column][vc_custom_heading text=&#8221;Animais inscritos no Livro de Elite da ABCCCampolina&#8221; font_container=&#8221;tag:h2|text_align:center&#8221; use_theme_fonts=&#8221;yes&#8221;][vc_empty_space][\/vc_column][\/vc_row][vc_row][vc_column width=&#8221;1\/3&#8243;][vc_column_text]<\/p>\n<p class=\"p1\"><span class=\"s1\" style=\"font-size: 14pt;\">01- J\u00fapiter de Passa Tempo<\/span><\/p>\n<p class=\"p1\"><span class=\"s1\" style=\"font-size: 14pt;\">02- Gas Dengoso<\/span><\/p>\n<p class=\"p1\"><span class=\"s1\" style=\"font-size: 14pt;\">03- Xepeiro de Passa Tempo<\/span><\/p>\n<p class=\"p1\"><span class=\"s1\" style=\"font-size: 14pt;\">04- Desacato da Maravilha<\/span><\/p>\n<p class=\"p1\"><span class=\"s1\" style=\"font-size: 14pt;\">05- Promessa de Santa Rita<\/span><\/p>\n<p><span class=\"s1\" style=\"font-size: 14pt;\">06- SSPA de Santa Rita<\/span>[\/vc_column_text][\/vc_column][vc_column width=&#8221;1\/3&#8243;][vc_column_text]<\/p>\n<p class=\"p1\"><span class=\"s1\" style=\"font-size: 14pt;\">07- Neruda do Chiribiribinha<\/span><\/p>\n<p class=\"p1\"><span class=\"s1\" style=\"font-size: 14pt;\">08- Agitada da Duas Marias<\/span><\/p>\n<p class=\"p1\"><span class=\"s1\" style=\"font-size: 14pt;\">09- Geodo do Orat\u00f3rio<\/span><\/p>\n<p class=\"p1\"><span class=\"s1\" style=\"font-size: 14pt;\">10- Via\u00e7\u00e3o de Sans Souci<\/span><\/p>\n<p class=\"p1\"><span class=\"s1\" style=\"font-size: 14pt;\">11- \u00d3pera da Fronteira<\/span><\/p>\n<p class=\"p1\"><span class=\"s1\" style=\"font-size: 14pt;\">12- Gavi\u00e3o do Barulho<\/span><\/p>\n<p>[\/vc_column_text][\/vc_column][vc_column width=&#8221;1\/3&#8243;][vc_column_text]<\/p>\n<p class=\"p1\"><span class=\"s1\" style=\"font-size: 14pt;\">13- Iluminado de Alfenas<\/span><\/p>\n<p class=\"p1\"><span class=\"s1\" style=\"font-size: 14pt;\">14- Xena de Alfenas<\/span><\/p>\n<p class=\"p1\"><span class=\"s1\" style=\"font-size: 14pt;\">15- Figura do Barulho<\/span><\/p>\n<p class=\"p1\"><span class=\"s1\" style=\"font-size: 14pt;\">16- Nairobe Mandala<\/span><\/p>\n<p class=\"p1\"><span class=\"s1\" style=\"font-size: 14pt;\">17- Induto de S\u00e3o Judas<\/span><\/p>\n<p><span style=\"font-size: 14pt;\">18- Monifa da Hibipeba<\/span>[\/vc_column_text][\/vc_column][\/vc_row][vc_row][vc_column][vc_empty_space][vc_column_text]<\/p>\n<p style=\"text-align: center;\"><strong>Para mais sobre a ra\u00e7a, acesse:<\/strong><\/p>\n<p>[\/vc_column_text][\/vc_column][\/vc_row][vc_row][vc_column][vc_single_image image=&#8221;349528&#8243; img_size=&#8221;&#8221; alignment=&#8221;center&#8221; onclick=&#8221;custom_link&#8221; img_link_target=&#8221;_blank&#8221; link=&#8221;http:\/\/www.campolina.org.br\/&#8221;][\/vc_column][\/vc_row]<\/p>\n<\/section>","protected":false},"excerpt":{"rendered":"<p>[vc_row row_type=&#8221;full&#8221; css=&#8221;.vc_custom_1577989263204{background-color: #f5f5f5 !important;}&#8221;][vc_column][vc_empty_space height=&#8221;50px&#8221;][\/vc_column][\/vc_row][vc_row css=&#8221;.vc_custom_1584664858229{background-color: #f5f5f5 !important;}&#8221;][vc_column][vc_custom_heading text=&#8221;CAVALO CAMPOLINA&#8221; font_container=&#8221;tag:h2|text_align:center&#8221; use_theme_fonts=&#8221;yes&#8221;][vc_column_text css=&#8221;.vc_custom_1584666104200{margin-top: 20px !important;margin-bottom: 20px !important;}&#8221;] Em 1870, Cassiano Campolina, nascido em 10 de julho de 1836, ganhou a \u00e9gua Medeia, j\u00e1 prenha de um Andaluz de D. Pedro II. Deste cruzamento nasceu o potro batizado Monarca. Esse \u00e9 o in\u00edcio de uma hist\u00f3ria de sucesso e conquista: a forma\u00e7\u00e3o da ra\u00e7a Campolina. Cassiano tinha como principal objetivo formar cavalos de grande porte, \u00e1geis, resistentes e de boa apar\u00eancia. Para isso, selecionou e cruzou ra\u00e7as de cavalos como PSI, Anglo-Normando e Marchador conforme sua intui\u00e7\u00e3o e experi\u00eancia. Em &hellip; <a href=\"https:\/\/www.campolinacantoverde.com.br\/home\/historia-da-raca\/\">Continued<\/a><\/p>\n","protected":false},"author":1,"featured_media":0,"parent":0,"menu_order":0,"comment_status":"closed","ping_status":"closed","template":"page-fullwidth.php","meta":{"footnotes":""},"class_list":["post-349108","page","type-page","status-publish","hentry"],"yoast_head":"<!-- This site is optimized with the Yoast SEO plugin v20.2.1 - https:\/\/yoast.com\/wordpress\/plugins\/seo\/ -->\n<title>Hist\u00f3ria da Ra\u00e7a - Campolina Canto Verde<\/title>\n<meta name=\"robots\" content=\"noindex, follow, max-snippet:-1, max-image-preview:large, max-video-preview:-1\" \/>\n<meta property=\"og:locale\" content=\"pt_BR\" \/>\n<meta property=\"og:type\" content=\"article\" \/>\n<meta property=\"og:title\" content=\"Hist\u00f3ria da Ra\u00e7a - Campolina Canto Verde\" \/>\n<meta property=\"og:description\" content=\"[vc_row row_type=&#8221;full&#8221; css=&#8221;.vc_custom_1577989263204{background-color: #f5f5f5 !important;}&#8221;][vc_column][vc_empty_space height=&#8221;50px&#8221;][\/vc_column][\/vc_row][vc_row css=&#8221;.vc_custom_1584664858229{background-color: #f5f5f5 !important;}&#8221;][vc_column][vc_custom_heading text=&#8221;CAVALO CAMPOLINA&#8221; font_container=&#8221;tag:h2|text_align:center&#8221; use_theme_fonts=&#8221;yes&#8221;][vc_column_text css=&#8221;.vc_custom_1584666104200{margin-top: 20px !important;margin-bottom: 20px !important;}&#8221;] Em 1870, Cassiano Campolina, nascido em 10 de julho de 1836, ganhou a \u00e9gua Medeia, j\u00e1 prenha de um Andaluz de D. Pedro II. Deste cruzamento nasceu o potro batizado Monarca. Esse \u00e9 o in\u00edcio de uma hist\u00f3ria de sucesso e conquista: a forma\u00e7\u00e3o da ra\u00e7a Campolina. Cassiano tinha como principal objetivo formar cavalos de grande porte, \u00e1geis, resistentes e de boa apar\u00eancia. Para isso, selecionou e cruzou ra\u00e7as de cavalos como PSI, Anglo-Normando e Marchador conforme sua intui\u00e7\u00e3o e experi\u00eancia. Em &hellip; Continued\" \/>\n<meta property=\"og:url\" content=\"https:\/\/www.campolinacantoverde.com.br\/home\/historia-da-raca\/\" \/>\n<meta property=\"og:site_name\" content=\"Campolina Canto Verde\" \/>\n<meta property=\"article:publisher\" content=\"https:\/\/www.facebook.com\/campolinacantoverde\/\" \/>\n<meta property=\"article:modified_time\" content=\"2021-05-18T23:52:57+00:00\" \/>\n<meta name=\"twitter:card\" content=\"summary_large_image\" \/>\n<meta name=\"twitter:label1\" content=\"Est. tempo de leitura\" \/>\n\t<meta name=\"twitter:data1\" content=\"3 minutos\" \/>\n<script type=\"application\/ld+json\" class=\"yoast-schema-graph\">{\"@context\":\"https:\/\/schema.org\",\"@graph\":[{\"@type\":\"WebPage\",\"@id\":\"https:\/\/www.campolinacantoverde.com.br\/home\/historia-da-raca\/\",\"url\":\"https:\/\/www.campolinacantoverde.com.br\/home\/historia-da-raca\/\",\"name\":\"Hist\u00f3ria da Ra\u00e7a - Campolina Canto Verde\",\"isPartOf\":{\"@id\":\"https:\/\/www.campolinacantoverde.com.br\/home\/#website\"},\"datePublished\":\"2020-01-02T18:04:46+00:00\",\"dateModified\":\"2021-05-18T23:52:57+00:00\",\"breadcrumb\":{\"@id\":\"https:\/\/www.campolinacantoverde.com.br\/home\/historia-da-raca\/#breadcrumb\"},\"inLanguage\":\"pt-BR\",\"potentialAction\":[{\"@type\":\"ReadAction\",\"target\":[\"https:\/\/www.campolinacantoverde.com.br\/home\/historia-da-raca\/\"]}]},{\"@type\":\"BreadcrumbList\",\"@id\":\"https:\/\/www.campolinacantoverde.com.br\/home\/historia-da-raca\/#breadcrumb\",\"itemListElement\":[{\"@type\":\"ListItem\",\"position\":1,\"name\":\"In\u00edcio\",\"item\":\"https:\/\/www.campolinacantoverde.com.br\/home\/\"},{\"@type\":\"ListItem\",\"position\":2,\"name\":\"Hist\u00f3ria da Ra\u00e7a\"}]},{\"@type\":\"WebSite\",\"@id\":\"https:\/\/www.campolinacantoverde.com.br\/home\/#website\",\"url\":\"https:\/\/www.campolinacantoverde.com.br\/home\/\",\"name\":\"Campolina Canto Verde\",\"description\":\"Ca\u00e7apava - SP\",\"publisher\":{\"@id\":\"https:\/\/www.campolinacantoverde.com.br\/home\/#organization\"},\"potentialAction\":[{\"@type\":\"SearchAction\",\"target\":{\"@type\":\"EntryPoint\",\"urlTemplate\":\"https:\/\/www.campolinacantoverde.com.br\/home\/?s={search_term_string}\"},\"query-input\":\"required name=search_term_string\"}],\"inLanguage\":\"pt-BR\"},{\"@type\":\"Organization\",\"@id\":\"https:\/\/www.campolinacantoverde.com.br\/home\/#organization\",\"name\":\"Campolina Canto Verde\",\"url\":\"https:\/\/www.campolinacantoverde.com.br\/home\/\",\"logo\":{\"@type\":\"ImageObject\",\"inLanguage\":\"pt-BR\",\"@id\":\"https:\/\/www.campolinacantoverde.com.br\/home\/#\/schema\/logo\/image\/\",\"url\":\"https:\/\/www.campolinacantoverde.com.br\/home\/wp-content\/uploads\/2022\/03\/novo-logo-ccv2.png\",\"contentUrl\":\"https:\/\/www.campolinacantoverde.com.br\/home\/wp-content\/uploads\/2022\/03\/novo-logo-ccv2.png\",\"width\":218,\"height\":174,\"caption\":\"Campolina Canto Verde\"},\"image\":{\"@id\":\"https:\/\/www.campolinacantoverde.com.br\/home\/#\/schema\/logo\/image\/\"},\"sameAs\":[\"https:\/\/www.facebook.com\/campolinacantoverde\/\",\"https:\/\/www.instagram.com\/campolinacantoverde\/\",\"https:\/\/www.youtube.com\/channel\/UCFur52oArtqNHvdCzCK4jDw\"]}]}<\/script>\n<!-- \/ Yoast SEO plugin. -->","yoast_head_json":{"title":"Hist\u00f3ria da Ra\u00e7a - Campolina Canto Verde","robots":{"index":"noindex","follow":"follow","max-snippet":"max-snippet:-1","max-image-preview":"max-image-preview:large","max-video-preview":"max-video-preview:-1"},"og_locale":"pt_BR","og_type":"article","og_title":"Hist\u00f3ria da Ra\u00e7a - Campolina Canto Verde","og_description":"[vc_row row_type=&#8221;full&#8221; css=&#8221;.vc_custom_1577989263204{background-color: #f5f5f5 !important;}&#8221;][vc_column][vc_empty_space height=&#8221;50px&#8221;][\/vc_column][\/vc_row][vc_row css=&#8221;.vc_custom_1584664858229{background-color: #f5f5f5 !important;}&#8221;][vc_column][vc_custom_heading text=&#8221;CAVALO CAMPOLINA&#8221; font_container=&#8221;tag:h2|text_align:center&#8221; use_theme_fonts=&#8221;yes&#8221;][vc_column_text css=&#8221;.vc_custom_1584666104200{margin-top: 20px !important;margin-bottom: 20px !important;}&#8221;] Em 1870, Cassiano Campolina, nascido em 10 de julho de 1836, ganhou a \u00e9gua Medeia, j\u00e1 prenha de um Andaluz de D. Pedro II. Deste cruzamento nasceu o potro batizado Monarca. Esse \u00e9 o in\u00edcio de uma hist\u00f3ria de sucesso e conquista: a forma\u00e7\u00e3o da ra\u00e7a Campolina. Cassiano tinha como principal objetivo formar cavalos de grande porte, \u00e1geis, resistentes e de boa apar\u00eancia. Para isso, selecionou e cruzou ra\u00e7as de cavalos como PSI, Anglo-Normando e Marchador conforme sua intui\u00e7\u00e3o e experi\u00eancia. Em &hellip; Continued","og_url":"https:\/\/www.campolinacantoverde.com.br\/home\/historia-da-raca\/","og_site_name":"Campolina Canto Verde","article_publisher":"https:\/\/www.facebook.com\/campolinacantoverde\/","article_modified_time":"2021-05-18T23:52:57+00:00","twitter_card":"summary_large_image","twitter_misc":{"Est. tempo de leitura":"3 minutos"},"schema":{"@context":"https:\/\/schema.org","@graph":[{"@type":"WebPage","@id":"https:\/\/www.campolinacantoverde.com.br\/home\/historia-da-raca\/","url":"https:\/\/www.campolinacantoverde.com.br\/home\/historia-da-raca\/","name":"Hist\u00f3ria da Ra\u00e7a - Campolina Canto Verde","isPartOf":{"@id":"https:\/\/www.campolinacantoverde.com.br\/home\/#website"},"datePublished":"2020-01-02T18:04:46+00:00","dateModified":"2021-05-18T23:52:57+00:00","breadcrumb":{"@id":"https:\/\/www.campolinacantoverde.com.br\/home\/historia-da-raca\/#breadcrumb"},"inLanguage":"pt-BR","potentialAction":[{"@type":"ReadAction","target":["https:\/\/www.campolinacantoverde.com.br\/home\/historia-da-raca\/"]}]},{"@type":"BreadcrumbList","@id":"https:\/\/www.campolinacantoverde.com.br\/home\/historia-da-raca\/#breadcrumb","itemListElement":[{"@type":"ListItem","position":1,"name":"In\u00edcio","item":"https:\/\/www.campolinacantoverde.com.br\/home\/"},{"@type":"ListItem","position":2,"name":"Hist\u00f3ria da Ra\u00e7a"}]},{"@type":"WebSite","@id":"https:\/\/www.campolinacantoverde.com.br\/home\/#website","url":"https:\/\/www.campolinacantoverde.com.br\/home\/","name":"Campolina Canto Verde","description":"Ca\u00e7apava - SP","publisher":{"@id":"https:\/\/www.campolinacantoverde.com.br\/home\/#organization"},"potentialAction":[{"@type":"SearchAction","target":{"@type":"EntryPoint","urlTemplate":"https:\/\/www.campolinacantoverde.com.br\/home\/?s={search_term_string}"},"query-input":"required name=search_term_string"}],"inLanguage":"pt-BR"},{"@type":"Organization","@id":"https:\/\/www.campolinacantoverde.com.br\/home\/#organization","name":"Campolina Canto Verde","url":"https:\/\/www.campolinacantoverde.com.br\/home\/","logo":{"@type":"ImageObject","inLanguage":"pt-BR","@id":"https:\/\/www.campolinacantoverde.com.br\/home\/#\/schema\/logo\/image\/","url":"https:\/\/www.campolinacantoverde.com.br\/home\/wp-content\/uploads\/2022\/03\/novo-logo-ccv2.png","contentUrl":"https:\/\/www.campolinacantoverde.com.br\/home\/wp-content\/uploads\/2022\/03\/novo-logo-ccv2.png","width":218,"height":174,"caption":"Campolina Canto Verde"},"image":{"@id":"https:\/\/www.campolinacantoverde.com.br\/home\/#\/schema\/logo\/image\/"},"sameAs":["https:\/\/www.facebook.com\/campolinacantoverde\/","https:\/\/www.instagram.com\/campolinacantoverde\/","https:\/\/www.youtube.com\/channel\/UCFur52oArtqNHvdCzCK4jDw"]}]}},"_links":{"self":[{"href":"https:\/\/www.campolinacantoverde.com.br\/home\/wp-json\/wp\/v2\/pages\/349108","targetHints":{"allow":["GET"]}}],"collection":[{"href":"https:\/\/www.campolinacantoverde.com.br\/home\/wp-json\/wp\/v2\/pages"}],"about":[{"href":"https:\/\/www.campolinacantoverde.com.br\/home\/wp-json\/wp\/v2\/types\/page"}],"author":[{"embeddable":true,"href":"https:\/\/www.campolinacantoverde.com.br\/home\/wp-json\/wp\/v2\/users\/1"}],"replies":[{"embeddable":true,"href":"https:\/\/www.campolinacantoverde.com.br\/home\/wp-json\/wp\/v2\/comments?post=349108"}],"version-history":[{"count":56,"href":"https:\/\/www.campolinacantoverde.com.br\/home\/wp-json\/wp\/v2\/pages\/349108\/revisions"}],"predecessor-version":[{"id":349881,"href":"https:\/\/www.campolinacantoverde.com.br\/home\/wp-json\/wp\/v2\/pages\/349108\/revisions\/349881"}],"wp:attachment":[{"href":"https:\/\/www.campolinacantoverde.com.br\/home\/wp-json\/wp\/v2\/media?parent=349108"}],"curies":[{"name":"wp","href":"https:\/\/api.w.org\/{rel}","templated":true}]}}